{"id":8,"date":"2025-06-21T00:49:02","date_gmt":"2025-06-20T22:49:02","guid":{"rendered":"https:\/\/www.giornocollezione.com\/?page_id=8"},"modified":"2025-06-21T05:28:44","modified_gmt":"2025-06-21T03:28:44","slug":"inicio","status":"publish","type":"page","link":"https:\/\/www.giornocollezione.com\/","title":{"rendered":""},"content":{"rendered":"\n<div class=\"wp-block-cover alignfull is-light has-aspect-ratio\" style=\"margin-top:0;margin-bottom:0;padding-top:var(--wp--preset--spacing--20);padding-bottom:var(--wp--preset--spacing--20);min-height:720px;aspect-ratio:auto;min-height:unset;\"><span aria-hidden=\"true\" class=\"wp-block-cover__background has-background-dim-100 has-background-dim has-background-gradient\" style=\"background:linear-gradient(35deg,rgb(6,0,151) 0%,rgb(130,4,255) 73%,rgb(193,15,255) 100%)\"><\/span><div class=\"wp-block-cover__inner-container is-layout-flow wp-block-cover-is-layout-flow\">\n<div class=\"inherit-container-width wp-block-group alignwide is-layout-constrained wp-block-group-is-layout-constrained\">\n<div class=\"wp-block-media-text alignwide has-media-on-the-right is-stacked-on-mobile is-vertically-aligned-center\" style=\"margin-top:0;margin-bottom:0;padding-top:var(--wp--preset--spacing--80);padding-bottom:var(--wp--preset--spacing--80);grid-template-columns:auto 41%\"><div class=\"wp-block-media-text__content\">\n<h1 class=\"wp-block-heading has-text-align-left has-white-color has-text-color\">Giorno Collezione<\/h1>\n\n\n\n<p class=\"has-white-color has-text-color\">Giorno Collezione nace del cuidado artesanal y la experiencia familiar. Con m\u00e1s de 100 fragancias inspiradas en perfumes ic\u00f3nicos, ofrecemos aromas con car\u00e1cter propio, dise\u00f1ados para usarse todos los d\u00edas sin perder elegancia ni duraci\u00f3n.<br><br>\u00abGiorno\u00bb, que en italiano significa \u00abd\u00eda\u00bb, refleja justo eso, fragancias hechas para acompa\u00f1arte en cualquier momento.<\/p>\n\n\n\n<div class=\"wp-block-buttons is-layout-flex wp-block-buttons-is-layout-flex\">\n<div class=\"wp-block-button\"><a class=\"wp-block-button__link has-background wp-element-button\" href=\"https:\/\/www.giornocollezione.com\/Files\/Catalogo%20Giorno%202025.pdf\" style=\"background-color:#fad505\" target=\"_blank\" rel=\"noreferrer noopener\">Descargar cat\u00e1logo<\/a><\/div>\n<\/div>\n<\/div><figure class=\"wp-block-media-text__media\"><img loading=\"lazy\" decoding=\"async\" width=\"863\" height=\"1024\" src=\"https:\/\/www.giornocollezione.com\/wp-content\/uploads\/2025\/06\/sitio_22-863x1024.png\" alt=\"\" class=\"wp-image-29 size-full\" srcset=\"https:\/\/www.giornocollezione.com\/wp-content\/uploads\/2025\/06\/sitio_22-863x1024.png 863w, https:\/\/www.giornocollezione.com\/wp-content\/uploads\/2025\/06\/sitio_22-253x300.png 253w, https:\/\/www.giornocollezione.com\/wp-content\/uploads\/2025\/06\/sitio_22-768x911.png 768w, https:\/\/www.giornocollezione.com\/wp-content\/uploads\/2025\/06\/sitio_22-1295x1536.png 1295w, https:\/\/www.giornocollezione.com\/wp-content\/uploads\/2025\/06\/sitio_22-1726x2048.png 1726w\" sizes=\"auto, (max-width: 863px) 100vw, 863px\" \/><\/figure><\/div>\n<\/div>\n<\/div><\/div>\n\n\n\n<div class=\"wp-block-group alignfull has-ast-global-color-5-background-color has-background is-layout-constrained wp-container-core-group-is-layout-d7622491 wp-block-group-is-layout-constrained\" id=\"about\" style=\"padding-top:30px;padding-bottom:30px\">\n<div class=\"wp-block-media-text has-media-on-the-right is-stacked-on-mobile\"><div class=\"wp-block-media-text__content\">\n<div class=\"inherit-container-width wp-block-group is-layout-constrained wp-container-core-group-is-layout-21c06ece wp-block-group-is-layout-constrained\" style=\"padding-right:0px\">\n<h2 class=\"wp-block-heading has-text-align-center\" style=\"padding-right:0px\">\u00bfPor qu\u00e9 elegir Giorno?<\/h2>\n\n\n\n<p class=\"has-text-align-center has-medium-font-size\" style=\"padding-top:0;padding-right:var(--wp--preset--spacing--40);padding-bottom:0;padding-left:var(--wp--preset--spacing--40)\">Cada fragancia de Giorno Collezione est\u00e1 creada con dedicaci\u00f3n, a partir de una selecci\u00f3n cuidadosa de esencias y f\u00f3rmulas perfeccionadas a lo largo de los a\u00f1os. Son inspiraciones de perfumes ic\u00f3nicos, con calidad y estilo.<br><br>\u25cf Eau de Toilette con entre 18% y 22% de <br> concentraci\u00f3n<br>\u25cf Fijaci\u00f3n de hasta 8-10 horas en piel<br>\u25cf F\u00f3rmulas importadas<br>\u25cf Fragancias vers\u00e1tiles y f\u00e1ciles de amar<\/p>\n<\/div>\n<\/div><figure class=\"wp-block-media-text__media\"><img loading=\"lazy\" decoding=\"async\" width=\"1200\" height=\"1200\" src=\"https:\/\/www.giornocollezione.com\/wp-content\/uploads\/2025\/06\/Post-3.png\" alt=\"\" class=\"wp-image-117 size-full\" srcset=\"https:\/\/www.giornocollezione.com\/wp-content\/uploads\/2025\/06\/Post-3.png 1200w, https:\/\/www.giornocollezione.com\/wp-content\/uploads\/2025\/06\/Post-3-300x300.png 300w, https:\/\/www.giornocollezione.com\/wp-content\/uploads\/2025\/06\/Post-3-1024x1024.png 1024w, https:\/\/www.giornocollezione.com\/wp-content\/uploads\/2025\/06\/Post-3-150x150.png 150w, https:\/\/www.giornocollezione.com\/wp-content\/uploads\/2025\/06\/Post-3-768x768.png 768w\" sizes=\"auto, (max-width: 1200px) 100vw, 1200px\" \/><\/figure><\/div>\n<\/div>\n\n\n\n<div class=\"wp-block-group alignfull has-pale-ocean-gradient-background has-background is-layout-constrained wp-container-core-group-is-layout-b6da93cc wp-block-group-is-layout-constrained\" style=\"padding-top:var(--wp--preset--spacing--40);padding-bottom:var(--wp--preset--spacing--40)\">\n<h2 class=\"wp-block-heading has-text-align-center\">Nuestro Proceso<\/h2>\n\n\n\n<div class=\"wp-block-columns is-layout-flex wp-container-core-columns-is-layout-f078fc8d wp-block-columns-is-layout-flex\" style=\"margin-top:0px\">\n<div class=\"wp-block-column is-layout-flow wp-container-core-column-is-layout-6b73ce23 wp-block-column-is-layout-flow\">\n<figure class=\"wp-block-image aligncenter size-full is-resized has-custom-border is-style-rounded\" style=\"margin-top:0;margin-right:0;margin-bottom:0;margin-left:0\"><img loading=\"lazy\" decoding=\"async\" width=\"800\" height=\"800\" src=\"https:\/\/www.giornocollezione.com\/wp-content\/uploads\/2025\/06\/icons-Giorno-09.png\" alt=\"\" class=\"wp-image-91\" style=\"border-style:none;border-width:0px;border-radius:100px;width:115px;height:auto\" srcset=\"https:\/\/www.giornocollezione.com\/wp-content\/uploads\/2025\/06\/icons-Giorno-09.png 800w, https:\/\/www.giornocollezione.com\/wp-content\/uploads\/2025\/06\/icons-Giorno-09-300x300.png 300w, https:\/\/www.giornocollezione.com\/wp-content\/uploads\/2025\/06\/icons-Giorno-09-150x150.png 150w, https:\/\/www.giornocollezione.com\/wp-content\/uploads\/2025\/06\/icons-Giorno-09-768x768.png 768w\" sizes=\"auto, (max-width: 800px) 100vw, 800px\" \/><\/figure>\n\n\n\n<h3 class=\"wp-block-heading has-text-align-center\" style=\"margin-top:16px\">Elaboraci\u00f3n <br>Artesanal<\/h3>\n<\/div>\n\n\n\n<div class=\"wp-block-column is-layout-flow wp-container-core-column-is-layout-47e5a185 wp-block-column-is-layout-flow\">\n<figure class=\"wp-block-image aligncenter size-full is-resized has-custom-border\"><img loading=\"lazy\" decoding=\"async\" width=\"800\" height=\"800\" src=\"https:\/\/www.giornocollezione.com\/wp-content\/uploads\/2025\/06\/icons-Giorno-06.png\" alt=\"\" class=\"wp-image-94\" style=\"border-radius:100px;width:115px;height:auto\" srcset=\"https:\/\/www.giornocollezione.com\/wp-content\/uploads\/2025\/06\/icons-Giorno-06.png 800w, https:\/\/www.giornocollezione.com\/wp-content\/uploads\/2025\/06\/icons-Giorno-06-300x300.png 300w, https:\/\/www.giornocollezione.com\/wp-content\/uploads\/2025\/06\/icons-Giorno-06-150x150.png 150w, https:\/\/www.giornocollezione.com\/wp-content\/uploads\/2025\/06\/icons-Giorno-06-768x768.png 768w\" sizes=\"auto, (max-width: 800px) 100vw, 800px\" \/><\/figure>\n\n\n\n<h3 class=\"wp-block-heading has-text-align-center\" style=\"margin-top:16px\">Inspiraci\u00f3n en <br>Perfumes Reconocidos<\/h3>\n<\/div>\n\n\n\n<div class=\"wp-block-column is-layout-flow wp-container-core-column-is-layout-6b73ce23 wp-block-column-is-layout-flow\">\n<div class=\"wp-block-group is-layout-constrained wp-block-group-is-layout-constrained\">\n<figure class=\"wp-block-image aligncenter size-full is-resized has-custom-border\"><img loading=\"lazy\" decoding=\"async\" width=\"800\" height=\"800\" src=\"https:\/\/www.giornocollezione.com\/wp-content\/uploads\/2025\/06\/icons-Giorno-05.png\" alt=\"\" class=\"wp-image-95\" style=\"border-radius:100px;width:115px\" srcset=\"https:\/\/www.giornocollezione.com\/wp-content\/uploads\/2025\/06\/icons-Giorno-05.png 800w, https:\/\/www.giornocollezione.com\/wp-content\/uploads\/2025\/06\/icons-Giorno-05-300x300.png 300w, https:\/\/www.giornocollezione.com\/wp-content\/uploads\/2025\/06\/icons-Giorno-05-150x150.png 150w, https:\/\/www.giornocollezione.com\/wp-content\/uploads\/2025\/06\/icons-Giorno-05-768x768.png 768w\" sizes=\"auto, (max-width: 800px) 100vw, 800px\" \/><\/figure>\n\n\n\n<h3 class=\"wp-block-heading has-text-align-center\" style=\"margin-top:16px\">Esencias <br>Premium<\/h3>\n<\/div>\n<\/div>\n<\/div>\n\n\n\n<div class=\"wp-block-columns is-layout-flex wp-container-core-columns-is-layout-f078fc8d wp-block-columns-is-layout-flex\" style=\"margin-top:0px\">\n<div class=\"wp-block-column is-layout-flow wp-container-core-column-is-layout-6b73ce23 wp-block-column-is-layout-flow\">\n<div class=\"wp-block-group is-layout-constrained wp-block-group-is-layout-constrained\">\n<figure class=\"wp-block-image aligncenter size-full is-resized has-custom-border\"><img loading=\"lazy\" decoding=\"async\" width=\"800\" height=\"800\" src=\"https:\/\/www.giornocollezione.com\/wp-content\/uploads\/2025\/06\/icons-Giorno-08.png\" alt=\"\" class=\"wp-image-92\" style=\"border-radius:100px;width:115px\" srcset=\"https:\/\/www.giornocollezione.com\/wp-content\/uploads\/2025\/06\/icons-Giorno-08.png 800w, https:\/\/www.giornocollezione.com\/wp-content\/uploads\/2025\/06\/icons-Giorno-08-300x300.png 300w, https:\/\/www.giornocollezione.com\/wp-content\/uploads\/2025\/06\/icons-Giorno-08-150x150.png 150w, https:\/\/www.giornocollezione.com\/wp-content\/uploads\/2025\/06\/icons-Giorno-08-768x768.png 768w\" sizes=\"auto, (max-width: 800px) 100vw, 800px\" \/><\/figure>\n\n\n\n<h3 class=\"wp-block-heading has-text-align-center\" style=\"margin-top:16px\">Fijaci\u00f3n <br>Duradera<\/h3>\n<\/div>\n<\/div>\n\n\n\n<div class=\"wp-block-column is-layout-flow wp-container-core-column-is-layout-6b73ce23 wp-block-column-is-layout-flow\">\n<div class=\"wp-block-group is-layout-constrained wp-block-group-is-layout-constrained\">\n<figure class=\"wp-block-image aligncenter size-full is-resized has-custom-border\"><img loading=\"lazy\" decoding=\"async\" width=\"800\" height=\"800\" src=\"https:\/\/www.giornocollezione.com\/wp-content\/uploads\/2025\/06\/icons-Giorno-07.png\" alt=\"\" class=\"wp-image-93\" style=\"border-radius:100px;width:115px;height:auto\" srcset=\"https:\/\/www.giornocollezione.com\/wp-content\/uploads\/2025\/06\/icons-Giorno-07.png 800w, https:\/\/www.giornocollezione.com\/wp-content\/uploads\/2025\/06\/icons-Giorno-07-300x300.png 300w, https:\/\/www.giornocollezione.com\/wp-content\/uploads\/2025\/06\/icons-Giorno-07-150x150.png 150w, https:\/\/www.giornocollezione.com\/wp-content\/uploads\/2025\/06\/icons-Giorno-07-768x768.png 768w\" sizes=\"auto, (max-width: 800px) 100vw, 800px\" \/><\/figure>\n\n\n\n<div class=\"wp-block-group is-layout-constrained wp-block-group-is-layout-constrained\">\n<h3 class=\"wp-block-heading has-text-align-center\" style=\"margin-top:16px\">F\u00f3rmulas <br>Familiares<\/h3>\n<\/div>\n<\/div>\n<\/div>\n\n\n\n<div class=\"wp-block-column is-layout-flow wp-container-core-column-is-layout-6b73ce23 wp-block-column-is-layout-flow\">\n<figure class=\"wp-block-image aligncenter size-full is-resized has-custom-border\"><img loading=\"lazy\" decoding=\"async\" width=\"800\" height=\"800\" src=\"https:\/\/www.giornocollezione.com\/wp-content\/uploads\/2025\/06\/icons-Giorno-04.png\" alt=\"\" class=\"wp-image-96\" style=\"border-style:none;border-width:0px;border-radius:100px;width:115px\" srcset=\"https:\/\/www.giornocollezione.com\/wp-content\/uploads\/2025\/06\/icons-Giorno-04.png 800w, https:\/\/www.giornocollezione.com\/wp-content\/uploads\/2025\/06\/icons-Giorno-04-300x300.png 300w, https:\/\/www.giornocollezione.com\/wp-content\/uploads\/2025\/06\/icons-Giorno-04-150x150.png 150w, https:\/\/www.giornocollezione.com\/wp-content\/uploads\/2025\/06\/icons-Giorno-04-768x768.png 768w\" sizes=\"auto, (max-width: 800px) 100vw, 800px\" \/><\/figure>\n\n\n\n<h3 class=\"wp-block-heading has-text-align-center\" style=\"margin-top:16px\">Control<br>Detallado<\/h3>\n<\/div>\n<\/div>\n<\/div>\n\n\n\n<div class=\"wp-block-columns is-layout-flex wp-container-core-columns-is-layout-db580f00 wp-block-columns-is-layout-flex\" style=\"margin-top:0px;padding-top:var(--wp--preset--spacing--60);padding-bottom:var(--wp--preset--spacing--60)\">\n<div class=\"wp-block-column is-layout-flow wp-container-core-column-is-layout-6b73ce23 wp-block-column-is-layout-flow\">\n<figure class=\"wp-block-image alignfull size-full has-custom-border\" style=\"min-height:0px;margin-top:0;margin-bottom:0;padding-top:0px;padding-right:0;padding-bottom:0px;padding-left:0\"><img loading=\"lazy\" decoding=\"async\" width=\"1024\" height=\"1024\" src=\"https:\/\/www.giornocollezione.com\/wp-content\/uploads\/2025\/06\/cuidado-art-1.png\" alt=\"\" class=\"wp-image-100\" style=\"border-style:none;border-width:0px\" srcset=\"https:\/\/www.giornocollezione.com\/wp-content\/uploads\/2025\/06\/cuidado-art-1.png 1024w, https:\/\/www.giornocollezione.com\/wp-content\/uploads\/2025\/06\/cuidado-art-1-300x300.png 300w, https:\/\/www.giornocollezione.com\/wp-content\/uploads\/2025\/06\/cuidado-art-1-150x150.png 150w, https:\/\/www.giornocollezione.com\/wp-content\/uploads\/2025\/06\/cuidado-art-1-768x768.png 768w\" sizes=\"auto, (max-width: 1024px) 100vw, 1024px\" \/><\/figure>\n\n\n\n<div class=\"inherit-container-width wp-block-group has-medium-font-size is-layout-constrained wp-container-core-group-is-layout-21c06ece wp-block-group-is-layout-constrained\" style=\"padding-right:0px\">\n<div class=\"wp-block-group is-layout-constrained wp-block-group-is-layout-constrained\">\n<h2 class=\"wp-block-heading has-text-align-center has-large-font-size\" style=\"padding-right:0px\">Cat\u00e1logo y variedad<\/h2>\n\n\n\n<p class=\"has-text-align-center has-medium-font-size\">Contamos con m\u00e1s de 100 fragancias diferentes, cuidadosamente clasificadas por familias olfativas. Puedes conocerlas todas en nuestro cat\u00e1logo digital.<br><\/p>\n<\/div>\n<\/div>\n<\/div>\n\n\n\n<div class=\"wp-block-column is-layout-flow wp-container-core-column-is-layout-6b73ce23 wp-block-column-is-layout-flow\">\n<figure class=\"wp-block-image alignfull size-full\"><img loading=\"lazy\" decoding=\"async\" width=\"1200\" height=\"1200\" src=\"https:\/\/www.giornocollezione.com\/wp-content\/uploads\/2025\/06\/Post-5-1.png\" alt=\"\" class=\"wp-image-101\" srcset=\"https:\/\/www.giornocollezione.com\/wp-content\/uploads\/2025\/06\/Post-5-1.png 1200w, https:\/\/www.giornocollezione.com\/wp-content\/uploads\/2025\/06\/Post-5-1-300x300.png 300w, https:\/\/www.giornocollezione.com\/wp-content\/uploads\/2025\/06\/Post-5-1-1024x1024.png 1024w, https:\/\/www.giornocollezione.com\/wp-content\/uploads\/2025\/06\/Post-5-1-150x150.png 150w, https:\/\/www.giornocollezione.com\/wp-content\/uploads\/2025\/06\/Post-5-1-768x768.png 768w\" sizes=\"auto, (max-width: 1200px) 100vw, 1200px\" \/><\/figure>\n\n\n\n<div class=\"wp-block-group is-layout-constrained wp-block-group-is-layout-constrained\">\n<h2 class=\"wp-block-heading has-text-align-center has-large-font-size\" style=\"padding-right:0px\">Compra f\u00e1cil y segura<\/h2>\n\n\n\n<p class=\"has-text-align-center has-medium-font-size\">\u25cf Env\u00edos a todo M\u00e9xico<br>\u25cf Pagos seguros por tarjeta o transferencia<br>\u25cf Entregas r\u00e1pidas y seguimiento constante<\/p>\n<\/div>\n<\/div>\n<\/div>\n\n\n\n<div class=\"wp-block-group alignfull has-very-light-gray-to-cyan-bluish-gray-gradient-background has-background is-layout-constrained wp-container-core-group-is-layout-ba0ecc3f wp-block-group-is-layout-constrained\" id=\"whyus\" style=\"margin-top:0;margin-bottom:0;padding-top:var(--wp--preset--spacing--80);padding-bottom:var(--wp--preset--spacing--80)\">\n<h2 class=\"wp-block-heading has-text-align-center\">Preguntas frecuentes<\/h2>\n\n\n\n<div class=\"wp-block-columns is-layout-flex wp-container-core-columns-is-layout-f078fc8d wp-block-columns-is-layout-flex\" style=\"margin-top:0px\">\n<div class=\"wp-block-column is-layout-flow wp-block-column-is-layout-flow\">\n<style>\n.faq-section {\n  font-family: inherit;\n  max-width: 800px;\n  margin: 0 auto;\n}\n\n.faq-item {\n  border-bottom: 1px solid #ddd;\n  padding: 12px 0;\n  font-family: inherit;\n}\n\n.faq-question {\n  cursor: pointer;\n  font-weight: bold;\n  display: flex;\n  justify-content: space-between;\n  align-items: center;\n  font-size: 20px;\n  font-family: inherit;\n  transition: color 0.3s ease;\n}\n\n.faq-answer {\n  display: none;\n  margin-top: 8px;\n  font-family: inherit;\n  line-height: 1.6;\n  font-size: 16px;\n}\n\n.faq-question::after {\n  content: '+';\n  transition: transform 0.3s ease;\n}\n\n.faq-question.active::after {\n  content: '-';\n  transform: rotate(180deg);\n}\n<\/style>\n\n<script>\ndocument.addEventListener(\"DOMContentLoaded\", () => {\n  document.querySelectorAll(\".faq-question\").forEach(q => {\n    q.addEventListener(\"click\", () => {\n      q.classList.toggle(\"active\");\n      const answer = q.nextElementSibling;\n      answer.style.display = answer.style.display === \"block\" ? \"none\" : \"block\";\n    });\n  });\n});\n<\/script>\n\n<div class=\"faq-section\">\n\n  <div class=\"faq-item\">\n    <div class=\"faq-question\">\u00bfQu\u00e9 distingue a Giorno?<\/div>\n    <div class=\"faq-answer\">Fragancias tipo Eau de Toilette con 18\u201322% de esencia, fijaci\u00f3n de 8\u201310 horas y f\u00f3rmulas artesanales sin alcohol invasivo. Usamos esencias importadas y cuidamos cada detalle para ofrecer calidad real en cada aroma.<\/div>\n  <\/div>\n\n  <div class=\"faq-item\">\n    <div class=\"faq-question\">\u00bfQu\u00e9 los hace una buena alternativa a perfumes de marca?<\/div>\n    <div class=\"faq-answer\">Creamos reinterpretaciones de fragancias ic\u00f3nicas, buscando ofrecer una experiencia olfativa de alta calidad sin los costos de marca. Trabajamos con esencias importadas y cuidamos cada f\u00f3rmula para lograr accesibilidad sin comprometer la calidad.<\/div>\n  <\/div>\n\n  <div class=\"faq-item\">\n    <div class=\"faq-question\">\u00bfHacen env\u00edos?<\/div>\n    <div class=\"faq-answer\">S\u00ed, a todo M\u00e9xico. Te damos seguimiento personalizado desde el primer mensaje.<\/div>\n  <\/div>\n\n  <div class=\"faq-item\">\n    <div class=\"faq-question\">\u00bfC\u00f3mo funciona si quiero vender los productos de Giorno?<\/div>\n    <div class=\"faq-answer\">Puedes compartir el cat\u00e1logo, recibir pedidos y obtener ganancias sin inversi\u00f3n inicial. Tus clientes dan un anticipo, haces el pedido y entregas con ganancia. Nosotros te apoyamos durante todo el proceso.<\/div>\n  <\/div>\n\n<\/div>\n<\/div>\n<\/div>\n\n\n\n<div class=\"wp-block-columns is-layout-flex wp-container-core-columns-is-layout-f078fc8d wp-block-columns-is-layout-flex\" style=\"margin-top:0px\">\n<div class=\"wp-block-column is-layout-flow wp-container-core-column-is-layout-6b73ce23 wp-block-column-is-layout-flow\"><\/div>\n\n\n\n<div class=\"wp-block-column is-layout-flow wp-container-core-column-is-layout-6b73ce23 wp-block-column-is-layout-flow\"><\/div>\n<\/div>\n<\/div>\n\n\n\n<div class=\"wp-block-group alignfull has-ast-global-color-5-background-color has-background is-layout-constrained wp-container-core-group-is-layout-d7622491 wp-block-group-is-layout-constrained\" id=\"about\" style=\"padding-top:30px;padding-bottom:30px\">\n<div class=\"wp-block-media-text is-stacked-on-mobile\"><figure class=\"wp-block-media-text__media\"><img loading=\"lazy\" decoding=\"async\" width=\"1024\" height=\"1024\" src=\"https:\/\/www.giornocollezione.com\/wp-content\/uploads\/2025\/06\/Post-6-1-1024x1024.png\" alt=\"\" class=\"wp-image-143 size-full\" srcset=\"https:\/\/www.giornocollezione.com\/wp-content\/uploads\/2025\/06\/Post-6-1-1024x1024.png 1024w, https:\/\/www.giornocollezione.com\/wp-content\/uploads\/2025\/06\/Post-6-1-300x300.png 300w, https:\/\/www.giornocollezione.com\/wp-content\/uploads\/2025\/06\/Post-6-1-150x150.png 150w, https:\/\/www.giornocollezione.com\/wp-content\/uploads\/2025\/06\/Post-6-1-768x768.png 768w, https:\/\/www.giornocollezione.com\/wp-content\/uploads\/2025\/06\/Post-6-1.png 1200w\" sizes=\"auto, (max-width: 1024px) 100vw, 1024px\" \/><\/figure><div class=\"wp-block-media-text__content\">\n<div class=\"inherit-container-width wp-block-group is-layout-constrained wp-container-core-group-is-layout-21c06ece wp-block-group-is-layout-constrained\" style=\"padding-right:0px\">\n<h2 class=\"wp-block-heading has-text-align-center\" style=\"padding-right:0px\">Queremos compartir Giorno<\/h2>\n\n\n\n<p class=\"has-text-align-center has-medium-font-size\" style=\"padding-top:0;padding-right:var(--wp--preset--spacing--40);padding-bottom:0;padding-left:var(--wp--preset--spacing--40)\">\u00bfQuieres empezar algo propio, tienes tienda, vendes por cat\u00e1logo o simplemente quieres compartir nuestras fragancias con otras personas? <br><br>\u25cf Vende a tu ritmo <br>\u25cf Sin m\u00ednimo de compra <br>\u25cf Precios especiales por volumen <br>\u25cf Atenci\u00f3n personalizada <br>\u25cf Ideal para cat\u00e1logo <br>\u25cf Producto en el que realmente crees<\/p>\n<\/div>\n<\/div><\/div>\n<\/div>\n","protected":false},"excerpt":{"rendered":"<p>\u00bfPor qu\u00e9 elegir Giorno? Cada fragancia de Giorno Collezione est\u00e1 creada con dedicaci\u00f3n, a partir de una selecci\u00f3n cuidadosa de [&hellip;]<\/p>\n","protected":false},"author":1,"featured_media":0,"parent":0,"menu_order":0,"comment_status":"closed","ping_status":"closed","template":"","meta":{"_uag_custom_page_level_css":"","site-sidebar-layout":"no-sidebar","site-content-layout":"plain-container","ast-site-content-layout":"default","site-content-style":"default","site-sidebar-style":"default","ast-global-header-display":"","ast-banner-title-visibility":"","ast-main-header-display":"","ast-hfb-above-header-display":"","ast-hfb-below-header-display":"","ast-hfb-mobile-header-display":"","site-post-title":"disabled","ast-breadcrumbs-content":"","ast-featured-img":"","footer-sml-layout":"","theme-transparent-header-meta":"enabled","adv-header-id-meta":"","stick-header-meta":"","header-above-stick-meta":"","header-main-stick-meta":"","header-below-stick-meta":"","astra-migrate-meta-layouts":"default","ast-page-background-enabled":"default","ast-page-background-meta":{"desktop":{"background-color":"var(--ast-global-color-5)","background-image":"","background-repeat":"repeat","background-position":"center center","background-size":"auto","background-attachment":"scroll","background-type":"","background-media":"","overlay-type":"","overlay-color":"","overlay-opacity":"","overlay-gradient":""},"tablet":{"background-color":"","background-image":"","background-repeat":"repeat","background-position":"center center","background-size":"auto","background-attachment":"scroll","background-type":"","background-media":"","overlay-type":"","overlay-color":"","overlay-opacity":"","overlay-gradient":""},"mobile":{"background-color":"","background-image":"","background-repeat":"repeat","background-position":"center center","background-size":"auto","background-attachment":"scroll","background-type":"","background-media":"","overlay-type":"","overlay-color":"","overlay-opacity":"","overlay-gradient":""}},"ast-content-background-meta":{"desktop":{"background-color":"var(--ast-global-color-4)","background-image":"","background-repeat":"repeat","background-position":"center center","background-size":"auto","background-attachment":"scroll","background-type":"","background-media":"","overlay-type":"","overlay-color":"","overlay-opacity":"","overlay-gradient":""},"tablet":{"background-color":"var(--ast-global-color-4)","background-image":"","background-repeat":"repeat","background-position":"center center","background-size":"auto","background-attachment":"scroll","background-type":"","background-media":"","overlay-type":"","overlay-color":"","overlay-opacity":"","overlay-gradient":""},"mobile":{"background-color":"var(--ast-global-color-4)","background-image":"","background-repeat":"repeat","background-position":"center center","background-size":"auto","background-attachment":"scroll","background-type":"","background-media":"","overlay-type":"","overlay-color":"","overlay-opacity":"","overlay-gradient":""}},"footnotes":""},"class_list":["post-8","page","type-page","status-publish","hentry"],"uagb_featured_image_src":{"full":false,"thumbnail":false,"medium":false,"medium_large":false,"large":false,"1536x1536":false,"2048x2048":false},"uagb_author_info":{"display_name":"giornocollezione_ihjxmj","author_link":"https:\/\/www.giornocollezione.com\/?author=1"},"uagb_comment_info":0,"uagb_excerpt":"\u00bfPor qu\u00e9 elegir Giorno? Cada fragancia de Giorno Collezione est\u00e1 creada con dedicaci\u00f3n, a partir de una selecci\u00f3n cuidadosa de [&hellip;]","_links":{"self":[{"href":"https:\/\/www.giornocollezione.com\/index.php?rest_route=\/wp\/v2\/pages\/8","targetHints":{"allow":["GET"]}}],"collection":[{"href":"https:\/\/www.giornocollezione.com\/index.php?rest_route=\/wp\/v2\/pages"}],"about":[{"href":"https:\/\/www.giornocollezione.com\/index.php?rest_route=\/wp\/v2\/types\/page"}],"author":[{"embeddable":true,"href":"https:\/\/www.giornocollezione.com\/index.php?rest_route=\/wp\/v2\/users\/1"}],"replies":[{"embeddable":true,"href":"https:\/\/www.giornocollezione.com\/index.php?rest_route=%2Fwp%2Fv2%2Fcomments&post=8"}],"version-history":[{"count":10,"href":"https:\/\/www.giornocollezione.com\/index.php?rest_route=\/wp\/v2\/pages\/8\/revisions"}],"predecessor-version":[{"id":150,"href":"https:\/\/www.giornocollezione.com\/index.php?rest_route=\/wp\/v2\/pages\/8\/revisions\/150"}],"wp:attachment":[{"href":"https:\/\/www.giornocollezione.com\/index.php?rest_route=%2Fwp%2Fv2%2Fmedia&parent=8"}],"curies":[{"name":"wp","href":"https:\/\/api.w.org\/{rel}","templated":true}]}}